{"id":656,"date":"2011-07-20T13:43:22","date_gmt":"2011-07-20T12:43:22","guid":{"rendered":"http:\/\/www.sameneerlijketen.nl\/?page_id=656"},"modified":"2011-07-20T13:43:22","modified_gmt":"2011-07-20T12:43:22","slug":"herfst","status":"publish","type":"page","link":"https:\/\/telematics-bv.nl\/sameneerlijketen\/zomer-herfst\/herfst\/","title":{"rendered":"Herfst"},"content":{"rendered":"<p><a href=\"http:\/\/telematics-bv.nl\/sameneerlijketen\/wp-content\/uploads\/sites\/3\/2013\/09\/P1050831.jpg\"><img loading=\"lazy\" decoding=\"async\" class=\"alignright wp-image-2001\" src=\"http:\/\/telematics-bv.nl\/sameneerlijketen\/wp-content\/uploads\/sites\/3\/2013\/09\/P1050831.jpg\" alt=\"\" width=\"351\" height=\"263\" srcset=\"https:\/\/telematics-bv.nl\/sameneerlijketen\/wp-content\/uploads\/sites\/3\/2013\/09\/P1050831.jpg 800w, https:\/\/telematics-bv.nl\/sameneerlijketen\/wp-content\/uploads\/sites\/3\/2013\/09\/P1050831-300x225.jpg 300w, https:\/\/telematics-bv.nl\/sameneerlijketen\/wp-content\/uploads\/sites\/3\/2013\/09\/P1050831-768x576.jpg 768w\" sizes=\"auto, (max-width: 351px) 100vw, 351px\" \/><\/a><\/p>\n<p>De herfst is soms vriendelijk,\u00a0 zonder grote overgang van nazomer naar stille dagen met mist en lage zon, maar soms fel met stormen en regens. De herfst staat in het teken van de oogst van rood fruit, bessen en druiven en van de vruchten uit de boomgaard zoals appels en peren; Daarnaast is er de oogst van de slachtmaand november.<\/p>\n<p>&nbsp;<\/p>\n<p>&nbsp;<\/p>\n<p>&nbsp;<\/p>\n<p>&nbsp;<\/p>\n<h2><strong><span style=\"color: #993300\">September<\/span><\/strong><\/h2>\n<p><a href=\"https:\/\/telematics-bv.nl\/sameneerlijketen\/zomer-herfst\/herfst\/periode-van-de-schepping\/\"><strong>Periode voor de schepping<\/strong><\/a><strong><a href=\"http:\/\/telematics-bv.nl\/sameneerlijketen\/wp-content\/uploads\/sites\/3\/2019\/02\/zonnebloemen-met-bijen-350-breed-568869-pxhere.jpg\"><img loading=\"lazy\" decoding=\"async\" class=\"alignright size-full wp-image-6442\" src=\"http:\/\/telematics-bv.nl\/sameneerlijketen\/wp-content\/uploads\/sites\/3\/2019\/02\/zonnebloemen-met-bijen-350-breed-568869-pxhere.jpg\" alt=\"\" width=\"350\" height=\"233\" srcset=\"https:\/\/telematics-bv.nl\/sameneerlijketen\/wp-content\/uploads\/sites\/3\/2019\/02\/zonnebloemen-met-bijen-350-breed-568869-pxhere.jpg 350w, https:\/\/telematics-bv.nl\/sameneerlijketen\/wp-content\/uploads\/sites\/3\/2019\/02\/zonnebloemen-met-bijen-350-breed-568869-pxhere-300x200.jpg 300w\" sizes=\"auto, (max-width: 350px) 100vw, 350px\" \/><\/a><\/strong><br \/>\nDe tijd van 1 september tot\u00a0 4 oktober, wordt in kerken ook wel &#8216;periode voor de schepping&#8217; genoemd, omdat de Europese kerken in die tijd extra aandacht willen schenken aan natuur en milieu en de bedreiging daarvan.<\/p>\n<p><strong><a href=\"https:\/\/telematics-bv.nl\/sameneerlijketen\/zomer-herfst\/herfst\/ziekenzondag\/\">Ziekenzondag<\/a><br \/>\n<\/strong>2e zondag van september<br \/>\nDe heilige Rochus is de patroonheilige voor zieken.<br \/>\nHildegard van Bingen schreef recepten o.a. met spelt, een graan waaraan zij vele goede eigenschappen toekende.<strong><br \/>\n<\/strong>De &#8220;Zonnebloem&#8221;- vereniging, zet zich in voor langdurig zieken<\/p>\n<p><strong><a href=\"https:\/\/telematics-bv.nl\/sameneerlijketen\/zomer-herfst\/herfst\/startzondag\/\">Startzondag<\/a><br \/>\n<\/strong>3e zondag van september<br \/>\nDe viering dat er weer een nieuw seizoen mag beginnen rond kerk en gemeente wordt startzondag genoemd.<\/p>\n<p><strong><a href=\"https:\/\/telematics-bv.nl\/sameneerlijketen\/velerlei\/vredesweek\/\">Vredesweek<\/a><br \/>\n<\/strong>3e week van september<br \/>\nEn de 21ste is de Dag van de Vrede.<strong><br \/>\n<\/strong><\/p>\n<p><strong><a href=\"https:\/\/telematics-bv.nl\/sameneerlijketen\/st-michael-29-september\/\">Micha\u00eblmas<\/a><br \/>\n<\/strong>Sint Micha\u00ebl\u00a0 betekende in de oude christelijke traditie de overgang van de zomer naar de herfst. Micha\u00ebl is in de bijbel \u00e9\u00e9n van de aartsengelen. Hij is een bestrijder van goed en kwaad.<\/p>\n<p>&nbsp;<\/p>\n<p>&nbsp;<\/p>\n<h2 style=\"color: #4d4d4d\"><strong><span style=\"color: #993300\">Oktober<\/span><\/strong><\/h2>\n<p><a href=\"http:\/\/telematics-bv.nl\/sameneerlijketen\/wp-content\/uploads\/sites\/3\/2019\/02\/druiven-wijngaard-350-breed-1078930-pxhere.jpg\"><img loading=\"lazy\" decoding=\"async\" class=\"alignright size-full wp-image-6437\" src=\"http:\/\/telematics-bv.nl\/sameneerlijketen\/wp-content\/uploads\/sites\/3\/2019\/02\/druiven-wijngaard-350-breed-1078930-pxhere.jpg\" alt=\"\" width=\"350\" height=\"263\" srcset=\"https:\/\/telematics-bv.nl\/sameneerlijketen\/wp-content\/uploads\/sites\/3\/2019\/02\/druiven-wijngaard-350-breed-1078930-pxhere.jpg 350w, https:\/\/telematics-bv.nl\/sameneerlijketen\/wp-content\/uploads\/sites\/3\/2019\/02\/druiven-wijngaard-350-breed-1078930-pxhere-300x225.jpg 300w\" sizes=\"auto, (max-width: 350px) 100vw, 350px\" \/><\/a>Wijnmaand. Het is de maand waarin de oogst van de druiven wordt voltooid en het maken van wijn volop in gang is.In de bijbel wordt Isra\u00ebl als volk vergeleken met een wijnberg en wijnstok &#8211; Hosea 10 vers 1. Tijdens wijnoogstfeesten was het destijds de gewoonte om het verbond tussen Isra\u00ebl en God te vieren en uiteraard werd wijn daarbij gebruikt. In het nieuwe testament wordt Jezus de ware wijnstok genoemd &#8211; Johannes 15 vers 1-15.<br \/>\nDruiven worden geperst, het sap van rode druiven is als bloed, maar de wijn is een soort levenselixer voor de mens. Wijn schenkt vreugde in verbondenheid.<\/p>\n<p><strong><br \/>\n<a href=\"https:\/\/telematics-bv.nl\/sameneerlijketen\/st-franciscus-van-assisi-4-oktober\/\">Franciscus van Assisi<\/a><br \/>\n<\/strong>Franciscus is de schrijver van het Zonnelied, een ode aan de schepping.<br \/>\nAlle schepselen waren voor hem broeders en zusters.<br \/>\nDoor de verbondenheid van Franciscus met de hele schepping werd hij in 1979 uitgeroepen tot beschermheilige van ecologen en milieubeschermers<br \/>\nDierendag valt op zijn naamdag: 4 oktober.<\/p>\n<p><strong>Isra\u00eblzondag<br \/>\n??<\/strong><\/p>\n<p><strong><a href=\"https:\/\/telematics-bv.nl\/sameneerlijketen\/wereldvoedsel\/\">Wereldvoedseldag<\/a><br \/>\n<\/strong>16 oktober<br \/>\nWorld Food Day is in het leven geroepen om met zijn allen in ieder geval \u00e9\u00e9n dag per jaar stil te staan bij deze grote voedselvraagstukken en te zoeken naar oplossingen en mogelijkheden die we in Nederland te bieden hebben en de dingen die wij kunnen aanpakken om ervoor te zorgen dat het voedselsysteem meer in balans is.<\/p>\n<p><strong><a href=\"https:\/\/telematics-bv.nl\/sameneerlijketen\/zomer-herfst\/herfst\/oogstdankdag\/\">Oogstdankdag<\/a><br \/>\n<\/strong>Stilstaan bij de goede gaven van de aarde is \u00e9\u00e9n van de tradities die nog steeds in gebruik is in veel kerken. Meestal is het een dag in oktober maar in\u00a0Zeeland waar de oogst van suikerbieten tot ver in november doorgaat, wordt de oogstdankdag in november gevierd.<\/p>\n<p>&nbsp;<\/p>\n<p>&nbsp;<\/p>\n<h2><strong><span style=\"color: #993300\">November<\/span><\/strong><\/h2>\n<p><a href=\"http:\/\/telematics-bv.nl\/sameneerlijketen\/wp-content\/uploads\/sites\/3\/2019\/02\/vergankelijkheid-525450_208780362562007_100002901348411_312574_1869468043_n-kopieren.jpg\"><img loading=\"lazy\" decoding=\"async\" class=\"alignright size-full wp-image-6443\" src=\"http:\/\/telematics-bv.nl\/sameneerlijketen\/wp-content\/uploads\/sites\/3\/2019\/02\/vergankelijkheid-525450_208780362562007_100002901348411_312574_1869468043_n-kopieren.jpg\" alt=\"\" width=\"350\" height=\"233\" srcset=\"https:\/\/telematics-bv.nl\/sameneerlijketen\/wp-content\/uploads\/sites\/3\/2019\/02\/vergankelijkheid-525450_208780362562007_100002901348411_312574_1869468043_n-kopieren.jpg 350w, https:\/\/telematics-bv.nl\/sameneerlijketen\/wp-content\/uploads\/sites\/3\/2019\/02\/vergankelijkheid-525450_208780362562007_100002901348411_312574_1869468043_n-kopieren-300x200.jpg 300w\" sizes=\"auto, (max-width: 350px) 100vw, 350px\" \/><\/a><\/p>\n<p><strong><a href=\"https:\/\/telematics-bv.nl\/sameneerlijketen\/zomer-herfst\/herfst\/voleinding\/\">Voleindingszondagen of Gedachtenis.<\/a><\/strong><\/p>\n<ul>\n<li>1 nov &#8211; Allerheiligen<\/li>\n<li>2 nov &#8211; Allerzielen<\/li>\n<li>Laatste zondag van het kerkelijk jaar<\/li>\n<\/ul>\n<p>De laatste zondagen van het liturgisch jaar zijn de\u00a0voleindingszondagen<br \/>\n1 en 2 november worden de overledenen herdacht in een viering in katholieke kerken.<br \/>\nIn protestante kerken is die\u00a0 viering op de laatste zondag van het liturgisch jaar, voor advent begint.<br \/>\nHet zijn dagen waarop we onze vergankelijkheid onder ogen zien en in het bijzonder de overleden geliefden dicht in onze herinnering zijn.<\/p>\n<p>&nbsp;<\/p>\n<p>&nbsp;<\/p>\n<h2><strong><span style=\"color: #993300\">Recepten bij de herfst<\/span><\/strong><\/h2>\n<ul>\n<li><a title=\"Groene vrede \u2013 kikkererwten met andijvie\" href=\"https:\/\/telematics-bv.nl\/sameneerlijketen\/groen-vrede-kikkererwten-andijvie\/\">Groene vrede &#8211; kikkererwten met andijvie<\/a><\/li>\n<li><a title=\"Midden Oosterse zoete tomatendip\" href=\"https:\/\/telematics-bv.nl\/sameneerlijketen\/midden-oosterse-zoete-tomatendip\/\">Midden-Oosterse zoete dipsaus<\/a><\/li>\n<li><a href=\"https:\/\/telematics-bv.nl\/sameneerlijketen\/pelgrimsbrood-met-noten-en-paddenstoelen\/\">Pelgrimsbrood met noten en paddenstoelen<\/a><\/li>\n<li><a title=\"Pompoen uit de oven met Nigellazaad en kaas (lunchgerecht)\" href=\"https:\/\/telematics-bv.nl\/sameneerlijketen\/pompoen-oven-nigellazaad-kaas-lunchgerecht\/\">Pompoen uit de oven met nigellazaad en kaas<\/a><\/li>\n<li><a title=\"Veganistische pasta\" href=\"https:\/\/telematics-bv.nl\/sameneerlijketen\/veganistische-pasta\/\">Veganistische past<\/a><\/li>\n<li><a title=\"Wortel-gemberballetjes (borrelhapje)\" href=\"https:\/\/telematics-bv.nl\/sameneerlijketen\/wortel-gemberballetjes-borrelhapje\/\">Wortel-gemberballetjes (borrelhapje)<\/a><\/li>\n<\/ul>\n<p><span style=\"color: #993300\">Salades:<\/span><\/p>\n<ul>\n<li><a title=\"Aardappelsalade met kruiden\" href=\"https:\/\/telematics-bv.nl\/sameneerlijketen\/aardappelsalade-kruiden\/\">Aardappelsalade<\/a> die herinnert aan Theresia van Avila<\/li>\n<li><a title=\"Herfstsalade van pompoen, noten en venkel\" href=\"https:\/\/telematics-bv.nl\/sameneerlijketen\/herfstsalade-pompoen-noten-venkel\/\">Herfstsalade met pompoen, noten en venkel<\/a><\/li>\n<\/ul>\n<p><span style=\"color: #993300\">Gebak<\/span><\/p>\n<ul>\n<li><a href=\"https:\/\/telematics-bv.nl\/sameneerlijketen\/dadel-cake\/\">Dadelcake<\/a><\/li>\n<li><a href=\"https:\/\/telematics-bv.nl\/sameneerlijketen\/olijvencake-met-rozemarijn\/\">Olijvencake met rozemarijn<\/a><\/li>\n<\/ul>\n<p><span style=\"color: #993300\">Broodbeleg<\/span><\/p>\n<ul>\n<li><a href=\"https:\/\/telematics-bv.nl\/sameneerlijketen\/dadelbeleg-met-zonnebloempitten\/\">Dadelbeleg met zonnebloempitten<\/a><\/li>\n<\/ul>\n<p>&nbsp;<\/p>\n<hr \/>\n<p>&nbsp;<\/p>\n<p>&nbsp;<\/p>\n<p>&nbsp;<\/p>\n<p>&nbsp;<\/p>\n","protected":false},"excerpt":{"rendered":"<p>De herfst is soms vriendelijk,\u00a0 zonder grote overgang van nazomer naar stille dagen met mist en lage zon, maar soms fel met stormen en regens. De herfst staat in het teken van de oogst van rood fruit, bessen en druiven &hellip; <a href=\"https:\/\/telematics-bv.nl\/sameneerlijketen\/zomer-herfst\/herfst\/\">Lees verder <span class=\"meta-nav\">&rarr;<\/span><\/a><\/p>\n","protected":false},"author":1,"featured_media":0,"parent":2474,"menu_order":2,"comment_status":"closed","ping_status":"closed","template":"","meta":{"footnotes":""},"class_list":["post-656","page","type-page","status-publish","hentry"],"_links":{"self":[{"href":"https:\/\/telematics-bv.nl\/sameneerlijketen\/wp-json\/wp\/v2\/pages\/656","targetHints":{"allow":["GET"]}}],"collection":[{"href":"https:\/\/telematics-bv.nl\/sameneerlijketen\/wp-json\/wp\/v2\/pages"}],"about":[{"href":"https:\/\/telematics-bv.nl\/sameneerlijketen\/wp-json\/wp\/v2\/types\/page"}],"author":[{"embeddable":true,"href":"https:\/\/telematics-bv.nl\/sameneerlijketen\/wp-json\/wp\/v2\/users\/1"}],"replies":[{"embeddable":true,"href":"https:\/\/telematics-bv.nl\/sameneerlijketen\/wp-json\/wp\/v2\/comments?post=656"}],"version-history":[{"count":0,"href":"https:\/\/telematics-bv.nl\/sameneerlijketen\/wp-json\/wp\/v2\/pages\/656\/revisions"}],"up":[{"embeddable":true,"href":"https:\/\/telematics-bv.nl\/sameneerlijketen\/wp-json\/wp\/v2\/pages\/2474"}],"wp:attachment":[{"href":"https:\/\/telematics-bv.nl\/sameneerlijketen\/wp-json\/wp\/v2\/media?parent=656"}],"curies":[{"name":"wp","href":"https:\/\/api.w.org\/{rel}","templated":true}]}}