{"id":6516,"date":"2019-02-25T13:56:52","date_gmt":"2019-02-25T12:56:52","guid":{"rendered":"http:\/\/www.sameneerlijketen.nl\/?page_id=6516"},"modified":"2019-02-25T13:56:52","modified_gmt":"2019-02-25T12:56:52","slug":"st-andreas-apostel-30-november","status":"publish","type":"page","link":"https:\/\/telematics-bv.nl\/sameneerlijketen\/st-andreas-apostel-30-november\/","title":{"rendered":"St. Andreas &#8211; apostel (30 november)"},"content":{"rendered":"<p><strong>Andreas <\/strong>is de oudste broer van Petrus, en\u00a0 zoekt als gelovige visser een weg recht door zee. Aanvankelijk volgt hij Johannes de Doper. Toen Jezus langs het meer liep, zag hij twee broers hun netten uitwerpen. Hij zei tegen hen:<br \/>\n\u2018<em>Kom, volg mij, ik zal van jullie vissers van mensen maken.\u2019<\/em> &#8211; Matte\u00fcs 4,18-19.<br \/>\nAndreas en Simon Petrus laten hun netten in de steek en volgen hem.<\/p>\n<p><a href=\"http:\/\/telematics-bv.nl\/sameneerlijketen\/wp-content\/uploads\/sites\/3\/2019\/03\/vis-300-breed-window-glass-pattern-line-blue-cathedral-994175-pxhere.jpg\"><img loading=\"lazy\" decoding=\"async\" class=\"alignleft wp-image-7142\" src=\"http:\/\/telematics-bv.nl\/sameneerlijketen\/wp-content\/uploads\/sites\/3\/2019\/03\/vis-300-breed-window-glass-pattern-line-blue-cathedral-994175-pxhere.jpg\" alt=\"\" width=\"251\" height=\"188\" \/><\/a><\/p>\n<p>In Matte\u00fcs 4 vers 18 wordt gesproken over het meer van Galilea. Hetzelfde meer wordt in Johannes 6 vers 10 ook wel het meer van Tiberias genoemd terwijl Lucas 5 vers 1 het heeft over het meer van Genn\u00e9sareth . Het meer is een belangrijke voedselbron. E\u00e9n van de dorpen rond het meer is Bethsa\u00efda, wat \u2018vissershuis\u2019 betekent.<\/p>\n<p>&nbsp;<\/p>\n<p>Later komt Jezus met zijn leerlingen opnieuw bij het meer van Galilea waar een grote menigte naar hem toekomt, waaronder een\u00a0 jongen met vijf gerstebroden en twee vissen<\/p>\n<p>Jezus deelt brood en vissen uit en er blijven, nadat de mensen verzadigd zijn, nog zoveel brokken over, dat ze er twaalf manden mee kunnen vullen. (Johannes 6,1-15). Na de opstanding ontmoet de Jezus zijn leerlingen opnieuw bij het meer van Galilea, nadat hij hun aanwijzingen had gegeven waar te vissen.<\/p>\n<p>Andreas sterft, vastgebonden met touwen, aan een X-vormig kruis.<br \/>\nDit type kruis kreeg zijn naam en markeert thans elke spoorwegovergang.<\/p>\n<p><a href=\"http:\/\/telematics-bv.nl\/sameneerlijketen\/wp-content\/uploads\/sites\/3\/2019\/03\/andreaskruis-100-breed-993082-pxhere.jpg\"><img loading=\"lazy\" decoding=\"async\" class=\"alignright size-full wp-image-7148\" src=\"http:\/\/telematics-bv.nl\/sameneerlijketen\/wp-content\/uploads\/sites\/3\/2019\/03\/andreaskruis-100-breed-993082-pxhere.jpg\" alt=\"\" width=\"100\" height=\"280\" \/><\/a><\/p>\n<p><strong><span style=\"color: #993300\">\u2666 Recepten:<\/span><\/strong><\/p>\n<ul>\n<li><a href=\"https:\/\/telematics-bv.nl\/sameneerlijketen\/andreaskruis\/\">Andreaskruis<\/a><\/li>\n<li><a href=\"https:\/\/telematics-bv.nl\/sameneerlijketen\/walnoten-cake-voor-st-andries\/\">Walnoten-cake voor Andreas<\/a><\/li>\n<li><a href=\"https:\/\/telematics-bv.nl\/sameneerlijketen\/apostelvis-met-citroen-mosterd-en-brood\/\">Apostelvis met citroen, mosterd en\u00a0 brood<\/a><\/li>\n<\/ul>\n<p>&nbsp;<\/p>\n<p>&nbsp;<\/p>\n<p>&nbsp;<\/p>\n<p>&nbsp;<\/p>\n<p>&nbsp;<\/p>\n<p>&nbsp;<\/p>\n","protected":false},"excerpt":{"rendered":"<p>Andreas is de oudste broer van Petrus, en\u00a0 zoekt als gelovige visser een weg recht door zee. Aanvankelijk volgt hij Johannes de Doper. Toen Jezus langs het meer liep, zag hij twee broers hun netten uitwerpen. Hij zei tegen hen: &hellip; <a href=\"https:\/\/telematics-bv.nl\/sameneerlijketen\/st-andreas-apostel-30-november\/\">Lees verder <span class=\"meta-nav\">&rarr;<\/span><\/a><\/p>\n","protected":false},"author":3,"featured_media":0,"parent":0,"menu_order":0,"comment_status":"closed","ping_status":"closed","template":"","meta":{"footnotes":""},"class_list":["post-6516","page","type-page","status-publish","hentry"],"_links":{"self":[{"href":"https:\/\/telematics-bv.nl\/sameneerlijketen\/wp-json\/wp\/v2\/pages\/6516","targetHints":{"allow":["GET"]}}],"collection":[{"href":"https:\/\/telematics-bv.nl\/sameneerlijketen\/wp-json\/wp\/v2\/pages"}],"about":[{"href":"https:\/\/telematics-bv.nl\/sameneerlijketen\/wp-json\/wp\/v2\/types\/page"}],"author":[{"embeddable":true,"href":"https:\/\/telematics-bv.nl\/sameneerlijketen\/wp-json\/wp\/v2\/users\/3"}],"replies":[{"embeddable":true,"href":"https:\/\/telematics-bv.nl\/sameneerlijketen\/wp-json\/wp\/v2\/comments?post=6516"}],"version-history":[{"count":0,"href":"https:\/\/telematics-bv.nl\/sameneerlijketen\/wp-json\/wp\/v2\/pages\/6516\/revisions"}],"wp:attachment":[{"href":"https:\/\/telematics-bv.nl\/sameneerlijketen\/wp-json\/wp\/v2\/media?parent=6516"}],"curies":[{"name":"wp","href":"https:\/\/api.w.org\/{rel}","templated":true}]}}