{"id":5288,"date":"2019-02-06T11:51:40","date_gmt":"2019-02-06T10:51:40","guid":{"rendered":"http:\/\/www.sameneerlijketen.nl\/?page_id=5288"},"modified":"2019-02-06T11:51:40","modified_gmt":"2019-02-06T10:51:40","slug":"st-jan-24-juni","status":"publish","type":"page","link":"https:\/\/telematics-bv.nl\/sameneerlijketen\/st-jan-24-juni\/","title":{"rendered":"St. Jan (24 juni)"},"content":{"rendered":"<p><a href=\"http:\/\/telematics-bv.nl\/sameneerlijketen\/wp-content\/uploads\/sites\/3\/2019\/02\/Johannes-de-Doper-Auguste-Rodin-200-breed-1323992-pxhere.com-2.jpg\"><img loading=\"lazy\" decoding=\"async\" class=\"alignleft size-full wp-image-6620\" src=\"http:\/\/telematics-bv.nl\/sameneerlijketen\/wp-content\/uploads\/sites\/3\/2019\/02\/Johannes-de-Doper-Auguste-Rodin-200-breed-1323992-pxhere.com-2.jpg\" alt=\"\" width=\"200\" height=\"267\" \/><\/a><\/p>\n<p>&nbsp;<\/p>\n<p>Johannes de Doper leefde als asceet en boeteprediker in de woestijn van wilde honing en sprinkhanen. Zijn geboortedag (zes maanden voor de geboorte van Jezus) wordt gevierd op 24 juni: Elisabeth was in haar zesde maand toen Maria bezocht werd door de engel Gabri\u00ebl &#8211; Lucas 1 vers 26, 28. Van Johannes wordt gezegd dat hij kleiner moet wor\u00adden en Jezus groter &#8211; Johannes 3 vers30. Vanaf St. Jan, als de zon het hoogst aan de hemel staat, neemt de zon in kracht af tot aan Kerstmis, de geboorte van Jezus. Daarna wordt de zon weer sterker.<\/p>\n<p>&nbsp;<\/p>\n<p>V\u00f3\u00f3r St. Jan moeten struiken en heggen gesnoeid zijn, dient de winterandijvie gezaaid te zijn en de bonen en koolplanten gepoot.<br \/>\nNa St. Jan worden geen rabarberstelen meer geplukt of asperges gestoken om het doodbloeden van de planten te voorkomen; ze moeten uitgroeien opdat er volgend jaar opnieuw gestoken kan worden. Dus&#8230;&#8230;. een laatste kans om verse asperges te eten!<\/p>\n<p>Nieuwe scheuten aan de bomen worden sint-jans\u00ad loten genoemd. Rode bessen heten in Duitsland &#8216;Johannesbeeren&#8217;. Volgens een legende lag Johannes in de woestijn op een bed van doorntakken te slapen. Hij verwondde zich daarbij. Uit zijn bloeddruppels zouden de rode bessen ontstaan zijn. Aalbessen zijn rond St. Jan rijp.<\/p>\n<p>In Nederland worden rond 24 juni de eerste zogenaamde St. Jansuitjes of -sjalotten geoogst: kleine uitjes die we meestal als zilveruitjes eten.<br \/>\nHet groen van de sjalotten wordt St. Janslook genoemd<\/p>\n<p>Glimwormen, ook wel Johanneskevertjes genoemd, zouden Johannes in de woestijn de weg hebben gewezen. Hij zou zich gevoed hebben met de peulen van de johannesbroodboom. Tuinbonen die er volop zijn rond 24 juni, worden ook wel &#8216;dikke jennen&#8217; (&#8216;jannen&#8217;) genoemd.<\/p>\n<p>St. Jansharing is haring die rond 24 juni gevangen\u00a0wordt.<br \/>\nSt. Janskersen is de Vlaamse naam voor zoete kersen.<\/p>\n<p>Het was gebruikelijk met allerlei kruiden, waaronder het St. Janskruid -Hypericum- kransen en trossen te maken en die, na zegening, thuis aan de deur of staldeur op te hangen.<\/p>\n<p>In Letland bakt men speciale groentepannenkoeken die men bestrooit met een krans\u00a0van kruiden.<\/p>\n<p><a href=\"http:\/\/telematics-bv.nl\/sameneerlijketen\/wp-content\/uploads\/sites\/3\/2019\/02\/wijnstok-rode-druiven-200-breed-809268-pxhere.jpg\"><img loading=\"lazy\" decoding=\"async\" class=\"alignleft size-full wp-image-6628\" src=\"http:\/\/telematics-bv.nl\/sameneerlijketen\/wp-content\/uploads\/sites\/3\/2019\/02\/wijnstok-rode-druiven-200-breed-809268-pxhere.jpg\" alt=\"\" width=\"200\" height=\"279\" \/><\/a>Een andere legende verhaalt dat Johannes op zijn zwerftochten door de woestijn onderdak zocht in een rotsdal waar ook wat groene struiken en onvruchtbare wilde wijnstokken groeiden. Arme herders nodigden hem uit om in hun tent te overnachten. Ze deelden hun karig maal en de geitenmelk. Bij zijn vertrek de volgende morgen wilde Johannes de vriendelijke herders bedanken. Hij vroeg hen \u00e9\u00e9n van de wilde wijnstokken te brengen. Ze gaven hem een tak van \u00e9\u00e9n van de verwilderde onvruchtbare struiken Hij zegende de tak opdat deze ook in deze wildernis vruchten zouden dragen. De herders herkenden in hem niet de man Gods, maar toen de struik rode kostelijke bessen kreeg die ook nog eens de dorst lesten, zagen zij daarin een teken van de weldoener die bij hen overnachtte.<\/p>\n<p>&nbsp;<\/p>\n<p>&nbsp;<\/p>\n<h3><span style=\"color: #993300\">\u2666 Recepten:<\/span><\/h3>\n<ul>\n<li><a href=\"https:\/\/telematics-bv.nl\/sameneerlijketen\/johannesbroodrepen\/\">Johannesbroodrepen<\/a><\/li>\n<li><a href=\"https:\/\/telematics-bv.nl\/sameneerlijketen\/st-janssalade-met-aalbessen-en-st-jans-uitjes\/\">St. Janssalade met aalbessen en St. Jans-uitjes<\/a><\/li>\n<li><a href=\"https:\/\/telematics-bv.nl\/sameneerlijketen\/aardappelpannenkoeken\/\">Aardappelpannenkoeken<\/a><\/li>\n<li><a href=\"https:\/\/telematics-bv.nl\/sameneerlijketen\/omelet-asperges-sint-jan\/\">Omelet met asperges<\/a><\/li>\n<li><a href=\"https:\/\/telematics-bv.nl\/sameneerlijketen\/kaas-asperges-sint-jan\/\">Kaas met asperges<\/a><\/li>\n<\/ul>\n<h5><\/h5>\n<h5><\/h5>\n<h5>Tekst:<br \/>\nTini Brugge en Gert Vos<br \/>\nHemelse spijzen<\/h5>\n<h5><em>\u00a0<\/em><\/h5>\n<p>&nbsp;<\/p>\n<p>&nbsp;<\/p>\n<p>&nbsp;<\/p>\n","protected":false},"excerpt":{"rendered":"<p>&nbsp; Johannes de Doper leefde als asceet en boeteprediker in de woestijn van wilde honing en sprinkhanen. Zijn geboortedag (zes maanden voor de geboorte van Jezus) wordt gevierd op 24 juni: Elisabeth was in haar zesde maand toen Maria bezocht &hellip; <a href=\"https:\/\/telematics-bv.nl\/sameneerlijketen\/st-jan-24-juni\/\">Lees verder <span class=\"meta-nav\">&rarr;<\/span><\/a><\/p>\n","protected":false},"author":3,"featured_media":0,"parent":0,"menu_order":0,"comment_status":"closed","ping_status":"closed","template":"","meta":{"footnotes":""},"class_list":["post-5288","page","type-page","status-publish","hentry"],"_links":{"self":[{"href":"https:\/\/telematics-bv.nl\/sameneerlijketen\/wp-json\/wp\/v2\/pages\/5288","targetHints":{"allow":["GET"]}}],"collection":[{"href":"https:\/\/telematics-bv.nl\/sameneerlijketen\/wp-json\/wp\/v2\/pages"}],"about":[{"href":"https:\/\/telematics-bv.nl\/sameneerlijketen\/wp-json\/wp\/v2\/types\/page"}],"author":[{"embeddable":true,"href":"https:\/\/telematics-bv.nl\/sameneerlijketen\/wp-json\/wp\/v2\/users\/3"}],"replies":[{"embeddable":true,"href":"https:\/\/telematics-bv.nl\/sameneerlijketen\/wp-json\/wp\/v2\/comments?post=5288"}],"version-history":[{"count":0,"href":"https:\/\/telematics-bv.nl\/sameneerlijketen\/wp-json\/wp\/v2\/pages\/5288\/revisions"}],"wp:attachment":[{"href":"https:\/\/telematics-bv.nl\/sameneerlijketen\/wp-json\/wp\/v2\/media?parent=5288"}],"curies":[{"name":"wp","href":"https:\/\/api.w.org\/{rel}","templated":true}]}}